{"id":8,"date":"2021-08-26T09:35:15","date_gmt":"2021-08-26T09:35:15","guid":{"rendered":"https:\/\/lrclinics.com\/?page_id=8"},"modified":"2026-01-08T16:01:13","modified_gmt":"2026-01-08T16:01:13","slug":"home","status":"publish","type":"page","link":"https:\/\/lrclinics.com\/en\/","title":{"rendered":"HOME"},"content":{"rendered":"","protected":false},"excerpt":{"rendered":"","protected":false},"author":1,"featured_media":300,"parent":0,"menu_order":0,"comment_status":"open","ping_status":"closed","template":"","meta":{"footnotes":""},"class_list":["post-8","page","type-page","status-publish","has-post-thumbnail","hentry"],"yoast_head":"<!-- This site is optimized with the Yoast SEO plugin v26.0 - https:\/\/yoast.com\/wordpress\/plugins\/seo\/ -->\n<title>Clinica dentar\u0103 potrivit\u0103 \u021bie - LR Clinics<\/title>\n<meta name=\"description\" content=\"De 15 ani i\u021bi d\u0103m un motiv s\u0103 z\u00e2mbe\u0219ti. Echipa noastr\u0103 este al\u0103turi de tine la fiecare pas \u00een g\u0103sirea celui mai eficient tratament. Clinica dentar\u0103 LR.\" \/>\n<meta name=\"robots\" content=\"index, follow, max-snippet:-1, max-image-preview:large, max-video-preview:-1\" \/>\n<link rel=\"canonical\" href=\"https:\/\/lrclinics.com\/en\/\" \/>\n<meta property=\"og:locale\" content=\"en_US\" \/>\n<meta property=\"og:type\" content=\"article\" \/>\n<meta property=\"og:title\" content=\"Clinica dentar\u0103 potrivit\u0103 \u021bie - LR Clinics\" \/>\n<meta property=\"og:description\" content=\"De 15 ani i\u021bi d\u0103m un motiv s\u0103 z\u00e2mbe\u0219ti. Echipa noastr\u0103 este al\u0103turi de tine la fiecare pas \u00een g\u0103sirea celui mai eficient tratament. Clinica dentar\u0103 LR.\" \/>\n<meta property=\"og:url\" content=\"https:\/\/lrclinics.com\/en\/\" \/>\n<meta property=\"og:site_name\" content=\"LR Clinics\" \/>\n<meta property=\"article:modified_time\" content=\"2026-01-08T16:01:13+00:00\" \/>\n<meta property=\"og:image\" content=\"https:\/\/lrclinics.com\/wp-content\/uploads\/2023\/05\/homepage-lrclinics-1024x683.png\" \/>\n\t<meta property=\"og:image:width\" content=\"1024\" \/>\n\t<meta property=\"og:image:height\" content=\"683\" \/>\n\t<meta property=\"og:image:type\" content=\"image\/png\" \/>\n<meta name=\"twitter:card\" content=\"summary_large_image\" \/>\n<script type=\"application\/ld+json\" class=\"yoast-schema-graph\">{\"@context\":\"https:\/\/schema.org\",\"@graph\":[{\"@type\":\"WebPage\",\"@id\":\"https:\/\/lrclinics.com\/\",\"url\":\"https:\/\/lrclinics.com\/\",\"name\":\"Clinica dentar\u0103 potrivit\u0103 \u021bie - LR Clinics\",\"isPartOf\":{\"@id\":\"https:\/\/lrclinics.com\/ro_ro\/#website\"},\"primaryImageOfPage\":{\"@id\":\"https:\/\/lrclinics.com\/#primaryimage\"},\"image\":{\"@id\":\"https:\/\/lrclinics.com\/#primaryimage\"},\"thumbnailUrl\":\"https:\/\/lrclinics.com\/wp-content\/uploads\/2023\/05\/homepage-lrclinics.png\",\"datePublished\":\"2021-08-26T09:35:15+00:00\",\"dateModified\":\"2026-01-08T16:01:13+00:00\",\"description\":\"De 15 ani i\u021bi d\u0103m un motiv s\u0103 z\u00e2mbe\u0219ti. Echipa noastr\u0103 este al\u0103turi de tine la fiecare pas \u00een g\u0103sirea celui mai eficient tratament. Clinica dentar\u0103 LR.\",\"breadcrumb\":{\"@id\":\"https:\/\/lrclinics.com\/#breadcrumb\"},\"inLanguage\":\"en-US\",\"potentialAction\":[{\"@type\":\"ReadAction\",\"target\":[\"https:\/\/lrclinics.com\/\"]}]},{\"@type\":\"ImageObject\",\"inLanguage\":\"en-US\",\"@id\":\"https:\/\/lrclinics.com\/#primaryimage\",\"url\":\"https:\/\/lrclinics.com\/wp-content\/uploads\/2023\/05\/homepage-lrclinics.png\",\"contentUrl\":\"https:\/\/lrclinics.com\/wp-content\/uploads\/2023\/05\/homepage-lrclinics.png\",\"width\":3504,\"height\":2336},{\"@type\":\"BreadcrumbList\",\"@id\":\"https:\/\/lrclinics.com\/#breadcrumb\",\"itemListElement\":[{\"@type\":\"ListItem\",\"position\":1,\"name\":\"Home\",\"item\":\"https:\/\/lrclinics.com\/\"},{\"@type\":\"ListItem\",\"position\":2,\"name\":\"HOME\"}]},{\"@type\":\"WebSite\",\"@id\":\"https:\/\/lrclinics.com\/ro_ro\/#website\",\"url\":\"https:\/\/lrclinics.com\/ro_ro\/\",\"name\":\"LR Clinics\",\"description\":\"Un motiv s\u0103 z\u00e2mbe\u0219ti!\",\"publisher\":{\"@id\":\"https:\/\/lrclinics.com\/ro_ro\/#organization\"},\"potentialAction\":[{\"@type\":\"SearchAction\",\"target\":{\"@type\":\"EntryPoint\",\"urlTemplate\":\"https:\/\/lrclinics.com\/ro_ro\/?s={search_term_string}\"},\"query-input\":{\"@type\":\"PropertyValueSpecification\",\"valueRequired\":true,\"valueName\":\"search_term_string\"}}],\"inLanguage\":\"en-US\"},{\"@type\":\"Organization\",\"@id\":\"https:\/\/lrclinics.com\/ro_ro\/#organization\",\"name\":\"LEMNARU BRIGHT SMILE CLINIC S.R.L.\",\"url\":\"https:\/\/lrclinics.com\/ro_ro\/\",\"logo\":{\"@type\":\"ImageObject\",\"inLanguage\":\"en-US\",\"@id\":\"https:\/\/lrclinics.com\/ro_ro\/#\/schema\/logo\/image\/\",\"url\":\"https:\/\/lrclinics.com\/wp-content\/uploads\/2023\/02\/Logo-LR_black-1.png\",\"contentUrl\":\"https:\/\/lrclinics.com\/wp-content\/uploads\/2023\/02\/Logo-LR_black-1.png\",\"width\":494,\"height\":217,\"caption\":\"LEMNARU BRIGHT SMILE CLINIC S.R.L.\"},\"image\":{\"@id\":\"https:\/\/lrclinics.com\/ro_ro\/#\/schema\/logo\/image\/\"}}]}<\/script>\n<!-- \/ Yoast SEO plugin. -->","yoast_head_json":{"title":"Clinica dentar\u0103 potrivit\u0103 \u021bie - LR Clinics","description":"De 15 ani i\u021bi d\u0103m un motiv s\u0103 z\u00e2mbe\u0219ti. Echipa noastr\u0103 este al\u0103turi de tine la fiecare pas \u00een g\u0103sirea celui mai eficient tratament. Clinica dentar\u0103 LR.","robots":{"index":"index","follow":"follow","max-snippet":"max-snippet:-1","max-image-preview":"max-image-preview:large","max-video-preview":"max-video-preview:-1"},"canonical":"https:\/\/lrclinics.com\/en\/","og_locale":"en_US","og_type":"article","og_title":"Clinica dentar\u0103 potrivit\u0103 \u021bie - LR Clinics","og_description":"De 15 ani i\u021bi d\u0103m un motiv s\u0103 z\u00e2mbe\u0219ti. Echipa noastr\u0103 este al\u0103turi de tine la fiecare pas \u00een g\u0103sirea celui mai eficient tratament. Clinica dentar\u0103 LR.","og_url":"https:\/\/lrclinics.com\/en\/","og_site_name":"LR Clinics","article_modified_time":"2026-01-08T16:01:13+00:00","og_image":[{"width":1024,"height":683,"url":"https:\/\/lrclinics.com\/wp-content\/uploads\/2023\/05\/homepage-lrclinics-1024x683.png","type":"image\/png"}],"twitter_card":"summary_large_image","schema":{"@context":"https:\/\/schema.org","@graph":[{"@type":"WebPage","@id":"https:\/\/lrclinics.com\/","url":"https:\/\/lrclinics.com\/","name":"Clinica dentar\u0103 potrivit\u0103 \u021bie - LR Clinics","isPartOf":{"@id":"https:\/\/lrclinics.com\/ro_ro\/#website"},"primaryImageOfPage":{"@id":"https:\/\/lrclinics.com\/#primaryimage"},"image":{"@id":"https:\/\/lrclinics.com\/#primaryimage"},"thumbnailUrl":"https:\/\/lrclinics.com\/wp-content\/uploads\/2023\/05\/homepage-lrclinics.png","datePublished":"2021-08-26T09:35:15+00:00","dateModified":"2026-01-08T16:01:13+00:00","description":"De 15 ani i\u021bi d\u0103m un motiv s\u0103 z\u00e2mbe\u0219ti. Echipa noastr\u0103 este al\u0103turi de tine la fiecare pas \u00een g\u0103sirea celui mai eficient tratament. Clinica dentar\u0103 LR.","breadcrumb":{"@id":"https:\/\/lrclinics.com\/#breadcrumb"},"inLanguage":"en-US","potentialAction":[{"@type":"ReadAction","target":["https:\/\/lrclinics.com\/"]}]},{"@type":"ImageObject","inLanguage":"en-US","@id":"https:\/\/lrclinics.com\/#primaryimage","url":"https:\/\/lrclinics.com\/wp-content\/uploads\/2023\/05\/homepage-lrclinics.png","contentUrl":"https:\/\/lrclinics.com\/wp-content\/uploads\/2023\/05\/homepage-lrclinics.png","width":3504,"height":2336},{"@type":"BreadcrumbList","@id":"https:\/\/lrclinics.com\/#breadcrumb","itemListElement":[{"@type":"ListItem","position":1,"name":"Home","item":"https:\/\/lrclinics.com\/"},{"@type":"ListItem","position":2,"name":"HOME"}]},{"@type":"WebSite","@id":"https:\/\/lrclinics.com\/ro_ro\/#website","url":"https:\/\/lrclinics.com\/ro_ro\/","name":"LR Clinics","description":"Un motiv s\u0103 z\u00e2mbe\u0219ti!","publisher":{"@id":"https:\/\/lrclinics.com\/ro_ro\/#organization"},"potentialAction":[{"@type":"SearchAction","target":{"@type":"EntryPoint","urlTemplate":"https:\/\/lrclinics.com\/ro_ro\/?s={search_term_string}"},"query-input":{"@type":"PropertyValueSpecification","valueRequired":true,"valueName":"search_term_string"}}],"inLanguage":"en-US"},{"@type":"Organization","@id":"https:\/\/lrclinics.com\/ro_ro\/#organization","name":"LEMNARU BRIGHT SMILE CLINIC S.R.L.","url":"https:\/\/lrclinics.com\/ro_ro\/","logo":{"@type":"ImageObject","inLanguage":"en-US","@id":"https:\/\/lrclinics.com\/ro_ro\/#\/schema\/logo\/image\/","url":"https:\/\/lrclinics.com\/wp-content\/uploads\/2023\/02\/Logo-LR_black-1.png","contentUrl":"https:\/\/lrclinics.com\/wp-content\/uploads\/2023\/02\/Logo-LR_black-1.png","width":494,"height":217,"caption":"LEMNARU BRIGHT SMILE CLINIC S.R.L."},"image":{"@id":"https:\/\/lrclinics.com\/ro_ro\/#\/schema\/logo\/image\/"}}]}},"_links":{"self":[{"href":"https:\/\/lrclinics.com\/en\/wp-json\/wp\/v2\/pages\/8","targetHints":{"allow":["GET"]}}],"collection":[{"href":"https:\/\/lrclinics.com\/en\/wp-json\/wp\/v2\/pages"}],"about":[{"href":"https:\/\/lrclinics.com\/en\/wp-json\/wp\/v2\/types\/page"}],"author":[{"embeddable":true,"href":"https:\/\/lrclinics.com\/en\/wp-json\/wp\/v2\/users\/1"}],"replies":[{"embeddable":true,"href":"https:\/\/lrclinics.com\/en\/wp-json\/wp\/v2\/comments?post=8"}],"version-history":[{"count":1,"href":"https:\/\/lrclinics.com\/en\/wp-json\/wp\/v2\/pages\/8\/revisions"}],"predecessor-version":[{"id":137,"href":"https:\/\/lrclinics.com\/en\/wp-json\/wp\/v2\/pages\/8\/revisions\/137"}],"wp:featuredmedia":[{"embeddable":true,"href":"https:\/\/lrclinics.com\/en\/wp-json\/wp\/v2\/media\/300"}],"wp:attachment":[{"href":"https:\/\/lrclinics.com\/en\/wp-json\/wp\/v2\/media?parent=8"}],"curies":[{"name":"wp","href":"https:\/\/api.w.org\/{rel}","templated":true}]}}