{"id":164,"date":"2023-03-03T12:30:03","date_gmt":"2023-03-03T10:30:03","guid":{"rendered":"https:\/\/lrclinics.com\/?page_id=164"},"modified":"2025-10-20T06:51:21","modified_gmt":"2025-10-20T06:51:21","slug":"tratamente","status":"publish","type":"page","link":"https:\/\/lrclinics.com\/en\/tratamente\/","title":{"rendered":"Treatments"},"content":{"rendered":"","protected":false},"excerpt":{"rendered":"","protected":false},"author":1,"featured_media":0,"parent":0,"menu_order":0,"comment_status":"closed","ping_status":"closed","template":"","meta":{"footnotes":""},"class_list":["post-164","page","type-page","status-publish","hentry"],"yoast_head":"<!-- This site is optimized with the Yoast SEO plugin v26.0 - https:\/\/yoast.com\/wordpress\/plugins\/seo\/ -->\n<title>Tratamente dentare - LR Clinics<\/title>\n<meta name=\"description\" content=\"LR Clinics ofer\u0103 o gam\u0103 larg\u0103 de tratamente dentare. Serviciile de care ai nevoie doar cu cea mai bun\u0103 echip\u0103.\" \/>\n<meta name=\"robots\" content=\"index, follow, max-snippet:-1, max-image-preview:large, max-video-preview:-1\" \/>\n<link rel=\"canonical\" href=\"https:\/\/lrclinics.com\/en\/tratamente\/\" \/>\n<meta property=\"og:locale\" content=\"en_US\" \/>\n<meta property=\"og:type\" content=\"article\" \/>\n<meta property=\"og:title\" content=\"Tratamente dentare - LR Clinics\" \/>\n<meta property=\"og:description\" content=\"LR Clinics ofer\u0103 o gam\u0103 larg\u0103 de tratamente dentare. Serviciile de care ai nevoie doar cu cea mai bun\u0103 echip\u0103.\" \/>\n<meta property=\"og:url\" content=\"https:\/\/lrclinics.com\/en\/tratamente\/\" \/>\n<meta property=\"og:site_name\" content=\"LR Clinics\" \/>\n<meta property=\"article:modified_time\" content=\"2025-10-20T06:51:21+00:00\" \/>\n<meta name=\"twitter:card\" content=\"summary_large_image\" \/>\n<script type=\"application\/ld+json\" class=\"yoast-schema-graph\">{\"@context\":\"https:\/\/schema.org\",\"@graph\":[{\"@type\":\"WebPage\",\"@id\":\"https:\/\/lrclinics.com\/tratamente\/\",\"url\":\"https:\/\/lrclinics.com\/tratamente\/\",\"name\":\"Tratamente dentare - LR Clinics\",\"isPartOf\":{\"@id\":\"https:\/\/lrclinics.com\/ro_ro\/#website\"},\"datePublished\":\"2023-03-03T10:30:03+00:00\",\"dateModified\":\"2025-10-20T06:51:21+00:00\",\"description\":\"LR Clinics ofer\u0103 o gam\u0103 larg\u0103 de tratamente dentare. Serviciile de care ai nevoie doar cu cea mai bun\u0103 echip\u0103.\",\"breadcrumb\":{\"@id\":\"https:\/\/lrclinics.com\/tratamente\/#breadcrumb\"},\"inLanguage\":\"en-US\",\"potentialAction\":[{\"@type\":\"ReadAction\",\"target\":[\"https:\/\/lrclinics.com\/tratamente\/\"]}]},{\"@type\":\"BreadcrumbList\",\"@id\":\"https:\/\/lrclinics.com\/tratamente\/#breadcrumb\",\"itemListElement\":[{\"@type\":\"ListItem\",\"position\":1,\"name\":\"Home\",\"item\":\"https:\/\/lrclinics.com\/\"},{\"@type\":\"ListItem\",\"position\":2,\"name\":\"Tratamente\"}]},{\"@type\":\"WebSite\",\"@id\":\"https:\/\/lrclinics.com\/ro_ro\/#website\",\"url\":\"https:\/\/lrclinics.com\/ro_ro\/\",\"name\":\"LR Clinics\",\"description\":\"Un motiv s\u0103 z\u00e2mbe\u0219ti!\",\"publisher\":{\"@id\":\"https:\/\/lrclinics.com\/ro_ro\/#organization\"},\"potentialAction\":[{\"@type\":\"SearchAction\",\"target\":{\"@type\":\"EntryPoint\",\"urlTemplate\":\"https:\/\/lrclinics.com\/ro_ro\/?s={search_term_string}\"},\"query-input\":{\"@type\":\"PropertyValueSpecification\",\"valueRequired\":true,\"valueName\":\"search_term_string\"}}],\"inLanguage\":\"en-US\"},{\"@type\":\"Organization\",\"@id\":\"https:\/\/lrclinics.com\/ro_ro\/#organization\",\"name\":\"LEMNARU BRIGHT SMILE CLINIC S.R.L.\",\"url\":\"https:\/\/lrclinics.com\/ro_ro\/\",\"logo\":{\"@type\":\"ImageObject\",\"inLanguage\":\"en-US\",\"@id\":\"https:\/\/lrclinics.com\/ro_ro\/#\/schema\/logo\/image\/\",\"url\":\"https:\/\/lrclinics.com\/wp-content\/uploads\/2023\/02\/Logo-LR_black-1.png\",\"contentUrl\":\"https:\/\/lrclinics.com\/wp-content\/uploads\/2023\/02\/Logo-LR_black-1.png\",\"width\":494,\"height\":217,\"caption\":\"LEMNARU BRIGHT SMILE CLINIC S.R.L.\"},\"image\":{\"@id\":\"https:\/\/lrclinics.com\/ro_ro\/#\/schema\/logo\/image\/\"}}]}<\/script>\n<!-- \/ Yoast SEO plugin. -->","yoast_head_json":{"title":"Tratamente dentare - LR Clinics","description":"LR Clinics ofer\u0103 o gam\u0103 larg\u0103 de tratamente dentare. Serviciile de care ai nevoie doar cu cea mai bun\u0103 echip\u0103.","robots":{"index":"index","follow":"follow","max-snippet":"max-snippet:-1","max-image-preview":"max-image-preview:large","max-video-preview":"max-video-preview:-1"},"canonical":"https:\/\/lrclinics.com\/en\/tratamente\/","og_locale":"en_US","og_type":"article","og_title":"Tratamente dentare - LR Clinics","og_description":"LR Clinics ofer\u0103 o gam\u0103 larg\u0103 de tratamente dentare. Serviciile de care ai nevoie doar cu cea mai bun\u0103 echip\u0103.","og_url":"https:\/\/lrclinics.com\/en\/tratamente\/","og_site_name":"LR Clinics","article_modified_time":"2025-10-20T06:51:21+00:00","twitter_card":"summary_large_image","schema":{"@context":"https:\/\/schema.org","@graph":[{"@type":"WebPage","@id":"https:\/\/lrclinics.com\/tratamente\/","url":"https:\/\/lrclinics.com\/tratamente\/","name":"Tratamente dentare - LR Clinics","isPartOf":{"@id":"https:\/\/lrclinics.com\/ro_ro\/#website"},"datePublished":"2023-03-03T10:30:03+00:00","dateModified":"2025-10-20T06:51:21+00:00","description":"LR Clinics ofer\u0103 o gam\u0103 larg\u0103 de tratamente dentare. Serviciile de care ai nevoie doar cu cea mai bun\u0103 echip\u0103.","breadcrumb":{"@id":"https:\/\/lrclinics.com\/tratamente\/#breadcrumb"},"inLanguage":"en-US","potentialAction":[{"@type":"ReadAction","target":["https:\/\/lrclinics.com\/tratamente\/"]}]},{"@type":"BreadcrumbList","@id":"https:\/\/lrclinics.com\/tratamente\/#breadcrumb","itemListElement":[{"@type":"ListItem","position":1,"name":"Home","item":"https:\/\/lrclinics.com\/"},{"@type":"ListItem","position":2,"name":"Tratamente"}]},{"@type":"WebSite","@id":"https:\/\/lrclinics.com\/ro_ro\/#website","url":"https:\/\/lrclinics.com\/ro_ro\/","name":"LR Clinics","description":"Un motiv s\u0103 z\u00e2mbe\u0219ti!","publisher":{"@id":"https:\/\/lrclinics.com\/ro_ro\/#organization"},"potentialAction":[{"@type":"SearchAction","target":{"@type":"EntryPoint","urlTemplate":"https:\/\/lrclinics.com\/ro_ro\/?s={search_term_string}"},"query-input":{"@type":"PropertyValueSpecification","valueRequired":true,"valueName":"search_term_string"}}],"inLanguage":"en-US"},{"@type":"Organization","@id":"https:\/\/lrclinics.com\/ro_ro\/#organization","name":"LEMNARU BRIGHT SMILE CLINIC S.R.L.","url":"https:\/\/lrclinics.com\/ro_ro\/","logo":{"@type":"ImageObject","inLanguage":"en-US","@id":"https:\/\/lrclinics.com\/ro_ro\/#\/schema\/logo\/image\/","url":"https:\/\/lrclinics.com\/wp-content\/uploads\/2023\/02\/Logo-LR_black-1.png","contentUrl":"https:\/\/lrclinics.com\/wp-content\/uploads\/2023\/02\/Logo-LR_black-1.png","width":494,"height":217,"caption":"LEMNARU BRIGHT SMILE CLINIC S.R.L."},"image":{"@id":"https:\/\/lrclinics.com\/ro_ro\/#\/schema\/logo\/image\/"}}]}},"_links":{"self":[{"href":"https:\/\/lrclinics.com\/en\/wp-json\/wp\/v2\/pages\/164","targetHints":{"allow":["GET"]}}],"collection":[{"href":"https:\/\/lrclinics.com\/en\/wp-json\/wp\/v2\/pages"}],"about":[{"href":"https:\/\/lrclinics.com\/en\/wp-json\/wp\/v2\/types\/page"}],"author":[{"embeddable":true,"href":"https:\/\/lrclinics.com\/en\/wp-json\/wp\/v2\/users\/1"}],"replies":[{"embeddable":true,"href":"https:\/\/lrclinics.com\/en\/wp-json\/wp\/v2\/comments?post=164"}],"version-history":[{"count":1,"href":"https:\/\/lrclinics.com\/en\/wp-json\/wp\/v2\/pages\/164\/revisions"}],"predecessor-version":[{"id":165,"href":"https:\/\/lrclinics.com\/en\/wp-json\/wp\/v2\/pages\/164\/revisions\/165"}],"wp:attachment":[{"href":"https:\/\/lrclinics.com\/en\/wp-json\/wp\/v2\/media?parent=164"}],"curies":[{"name":"wp","href":"https:\/\/api.w.org\/{rel}","templated":true}]}}